{"id":1701,"date":"2020-09-01T11:48:57","date_gmt":"2020-09-01T10:48:57","guid":{"rendered":"https:\/\/wuwai.org\/?page_id=1701"},"modified":"2023-01-31T08:55:32","modified_gmt":"2023-01-31T07:55:32","slug":"je-lichaam-gronden-de-te-aarde-earthing","status":"publish","type":"page","link":"https:\/\/wuwai.org\/en\/je-lichaam-gronden-de-te-aarde-earthing\/","title":{"rendered":"Grounding your body by earthing"},"content":{"rendered":"<div>\n<p><iframe loading=\"lazy\" title=\"The Earthing Movie: The Remarkable Science of Grounding (full documentary)\" width=\"500\" height=\"281\" src=\"https:\/\/www.youtube.com\/embed\/44ddtR0XDVU?feature=oembed\" frameborder=\"0\" allow=\"accelerometer; autoplay; clipboard-write; encrypted-media; gyroscope; picture-in-picture; web-share\" allowfullscreen><\/iframe><\/p>\n<p>Aarden is eenvoudig, simpel en krachtig. Volgens velen is het echt een ontbrekende schakel in het totaal van voorwaarden voor een goede gezondheid, iets wat veel voor de mensheid kan betekenen.<\/p>\n<p>Door je weer met de aarde te verbinden stel je je lichaam in staat om terug te keren naar zijn normale elektrische toestand, waardoor het beter in staat is om zichzelf te reguleren en zichzelf te genezen. Normale lichaamsritmes zorgen voor een stabiel referentie punt voor genezing, herstel en verjonging &#8211; kortom, voor volledige gezondheid.<\/p>\n<\/div>\n<h2><strong>Wat je in dit artikel te weten gaat komen:<\/strong><\/h2>\n<ul>\n<li>Wat is aarden?<\/li>\n<li>\u00a0Wat is aarden niet?<\/li>\n<li>Wat gebeurt er?<\/li>\n<li>\u00a0Wat voel je?<\/li>\n<li>Ga je je beter voelen?<\/li>\n<li>Wat doet aarden?<\/li>\n<\/ul>\n<h3><strong>Wat is aarden?<\/strong><\/h3>\n<p>Om te aarden verbind je je lichaam met de tijdloze en liefdevolle energie van de aarde. Dat houdt in dat je blootsvoets buiten loopt of zit, en dat je binnen werkt of slaapt terwijl je verbonden bent met een geleidend voorwerp dat de genezende energie van de aarde in je lichaam laat stromen. Al meer dan tien jaar hebben duizenden mensen over de hele wereld \u2014 mannen, vrouwen, kinderen en atleten \u2014 aarden onderdeel van hun dagelijks leven gemaakt. De resultaten zijn buitengewoon.<\/p>\n<h3><strong>Wat is aarden niet?<\/strong><\/h3>\n<p>Je wordt absoluut niet ge\u00eblektrocuteerd. Aarden is een van de meest natuurl\u0133ke en veiligste dingen die je kunt doen.<\/p>\n<h3><strong>Wat gebeurt er?<\/strong><\/h3>\n<p>Je lichaam raakt doordrenkt met negatief geladen vrije elektronen, die overvloedig aanwezig zijn op het aardoppervlak. Je lichaam stemt zich onmiddell\u0133k af op hetzelfde elektrische energieniveau (potentiaal) als de aarde.<\/p>\n<h3><strong>Wat voel je?<\/strong><\/h3>\n<p>Soms een warm, tintelend gevoel en vaak een gevoel van rust en welbehagen.<\/p>\n<h3><strong>Ga je je beter voelen?<\/strong><\/h3>\n<p>Meestal wel, en vaak al snel. De mate van vooruitgang varieert van persoon tot persoon. Het is belangrijk om elke dag te blijven aarden, en zo vaak mogelijk, om de beste resultaten te behalen. Als je ophoudt met aarden, keren de symptomen gewoonl\u0133k geleidel\u0133k terug.<\/p>\n<h3><strong>Wat doet aarden?<\/strong><\/h3>\n<p>Studie en onderzoek wijzen de volgende voordelen van aarden uit;\u00a0wij verwachten dat er nog veel meer aan het licht zullen komen.<\/p>\n<h3><strong>Aarden<\/strong><\/h3>\n<ul>\n<li>pakt de oorzaak van ontstekingen aan en laat de symptomen van veel ontstekingsziekten verbeteren of verdwijnen<\/li>\n<li>vermindert chronische pijn of heft deze op<\/li>\n<li>verbetert in de meeste gevallen de slaap<\/li>\n<li>verhoogt de energie<\/li>\n<li>vermindert stress en geeft het lichaam rust door het<\/li>\n<li>zenuwstelsel en de stresshormonen te kalmeren<\/li>\n<li>normaliseert de biologische ritmes van het lichaam<\/li>\n<li>verdunt het bloed en verbetert de bloeddruk en de bloedsomloop<\/li>\n<li>verlicht spanning in de spieren en hoofdpijn<\/li>\n<li>vermindert hormonale en menstruatieklachten<\/li>\n<li>versnelt het genezingsproces aanzienlijk en helpt doorliggen te voorkomen<\/li>\n<li>vermindert jetlag of heft deze op<\/li>\n<li>beschermt het lichaam tegen mogelijk gevaarlijke elektromagnetische velden (EMV)<\/li>\n<li>versnelt het herstel na intensieve sportbeoefening<\/li>\n<\/ul>\n<h2>Waarom wij niet gezond zijn &#8211; de ontbrekende schakel.<\/h2>\n<p>De natuurlijke oerenergie die uit de aarde komt is het ultieme middel tegen ontstekingen en veroudering.<\/p>\n<p>Een van de voornaamste doelen van de Chinese techieken is het \u201cwortelen\u2019 of \u2018aarden\u2019, wat te maken heeft met het opgang brengen van de communicatie tussen de voetzolen en de aarden. De aarde is rustgevend, versterkend, reinigend en genezend.<\/p>\n<p><em>\u201cWhen I am grounded I am resetting my entire biological clock so that it is in harmony with universal, cosmic rhythms and that is the basis of healing.\u201d\u00a0\u2212 Deepak Chopra, M.D.<\/em><\/p>\n<h3><strong>De &#8216;gevaarlijkste uitvinding die er bestaat&#8217; schoenen<\/strong><\/h3>\n<p>\u2018Er was 4 miljoen jaar voor nodig om onze unieke menselijke voet en onze speci\ufb01eke manier van lopen te ontwikkelen, een uitzonderl\u0133k staaltje van biotechnologie. Maar in een paar duizend jaar hebben we met \u00e9\u00e9n onzorgvuldig ontworpen voorwerp, onze schoenen, de zuivere anatomische manier van lopen van de mens uit balans gebracht, het perfecte functioneren daarvan belemmerd, met spanningen en overbelasting aangetast en het zijn natuurlijke gratie en bewegingsgemak ontnomen.\u2019<\/p>\n<p><em>&#8216;De voetzool is dichtbezet met zo&#8217;n 200 zenuwuiteinden per vierkante centimeter&#8217;.<\/em><\/p>\n<p>Het komt er op neer dat de mens een hoge tol betaalt in de vorm van degeneratie en ziekte als gevolg van afgescheiden zijn van de natuur.<\/p>\n<h3><strong>Het dierenrijk als voorbeeld<\/strong><\/h3>\n<p>De Franse natuuronderzoeker zei dat de mens naar voorbeelden in de dierenwereld moet kijken om te zien waarom het je opnieuw met de aarde verbinden zo belangrijk is. \u2018Het valt op dat een koe in een stal met een beperktere geleiding van elektriciteit als gevolg van de isolatie van het gebouw, het gewoonlijk koud heeft en zich onbehagelijk voelt\u2019, schreef hij. &#8216;Als je de koe onder dezelfde weersomstandigheden in de wel zet, heeft het dier het best naar zijn zin.\u00a0Hij kan de, koude nachten verdragen. Kippen die vrij rond kunnen scharrelen, worden nooit ziek. Kippen die in een hok opgesloten zitten, moeten worden overdekt en beschermd (&#8230;) Kijk eens wat er een medicijnen nodig zijn voor de kippen die opgesloten zitten. Kwartels in het wild zijn in de winter net zo gelukkig als in de zomer, zonder overdekking, zonder speciaal verblijf.\u2019 \u2018De hond die te lang in huis wordt gehouden en geen contact met de aarde krijgt, zoals de natuur dat bedoeld heeft, geeft de dierenarts een hoop werk.\u2019<\/p>\n<p>\u2018De gezondheidstoestand van dieren in de vrije natuur is uitstekend, vooral wanneer die niet door de mens is aangetast.<\/p>\n<h3><strong>Wat is een ontsteking?<\/strong><\/h3>\n<p>Iedereen is vatbaar voor ontstekingen \u2014 van topatleten tot mensen die alleen maar op de bank hangen. Ontstekingen kunnen bij iedereen toeslaan.\u00a0Het Latijnse woord voor ontsteking, inflammatio, betekent \u2018in brand steken\u2019. Een ontsteking is een ingewikkelde biologische reactie van het lichaam op schadelijke invloeden, zoals ziektekiemen, beschadigde cellen of irriterende stoffen. Het is een beschermingspoging van het systeem waarbij het schade veroorzakende of bedreigende krachten vernietigt en het genezingsproces van het aangetaste weefsel in gang zet. Als er geen ontstekingen zouden zijn, zouden wonden en infecties nooit genezen en zou de steeds verdergaande afbraak van het weefsel het leven in gevaar brengen.<\/p>\n<h3><strong>Het oermiddel tegen ontstekingen<\/strong><\/h3>\n<p>De aarde zelf is het oermiddel tegen ontstekingen. En de planeet zelf is de grootste leverancier van elektronen op de planeet. Wat betekent dat voor jou? Stel je eens voor dat negatief geladen elektronen, als een onzichtbare cavalerie, vanuit de aarde je lichaam binnen komt galopperen en een veel kleiner leger van positief geladen vrije radicalen opruimt. Elektronentekort, veroorzaakt door gebrek aan aarding, wordt opgeheven en er komt een genezingsproces op gang. De ontstekingen, ziekte en pijn in je lichaam zijn slechts \u2014 in meerdere of mindere mate \u2014 een symptoom van elektronentekort. Het middel daartegen bevindt zich vlak onder je voeten.<\/p>\n<p><strong>De bron van deze informatie is het boek &#8220;Earthing. Je lichaam aarden.&#8221; en de ontdekker: Clinton Ober. Hij doet al mmer dan 12 jaar onderzoek naar arden en steeds meer is wetenschappelijk bewezen.<\/strong><\/p>\n<p><iframe loading=\"lazy\" title=\"The Earthing Movie: The Remarkable Science of Grounding (full documentary)\" width=\"500\" height=\"281\" src=\"https:\/\/www.youtube.com\/embed\/44ddtR0XDVU?feature=oembed\" frameborder=\"0\" allow=\"accelerometer; autoplay; clipboard-write; encrypted-media; gyroscope; picture-in-picture; web-share\" allowfullscreen><\/iframe><\/p>\n<p><strong>Producten om thuis beter geaard en beschermd te zijn vind je op:<\/strong><br \/>\n<a href=\"https:\/\/www.earthingnederland.nl\/producten\" target=\"_blank\" rel=\"noopener noreferrer\">earthingnederland.nl<\/a><\/p>","protected":false},"excerpt":{"rendered":"<p>Aarden is eenvoudig, simpel en krachtig. Volgens velen is het echt een ontbrekende schakel in het totaal van voorwaarden voor een goede gezondheid, iets wat veel voor de mensheid kan betekenen. Door je weer met de aarde te verbinden stel je je lichaam in staat om terug te keren naar zijn normale elektrische toestand, waardoor [&hellip;]<\/p>","protected":false},"author":2,"featured_media":0,"parent":0,"menu_order":55,"comment_status":"closed","ping_status":"closed","template":"","meta":[],"acf":[],"aioseo_notices":[],"_links":{"self":[{"href":"https:\/\/wuwai.org\/en\/wp-json\/wp\/v2\/pages\/1701"}],"collection":[{"href":"https:\/\/wuwai.org\/en\/wp-json\/wp\/v2\/pages"}],"about":[{"href":"https:\/\/wuwai.org\/en\/wp-json\/wp\/v2\/types\/page"}],"author":[{"embeddable":true,"href":"https:\/\/wuwai.org\/en\/wp-json\/wp\/v2\/users\/2"}],"replies":[{"embeddable":true,"href":"https:\/\/wuwai.org\/en\/wp-json\/wp\/v2\/comments?post=1701"}],"version-history":[{"count":3,"href":"https:\/\/wuwai.org\/en\/wp-json\/wp\/v2\/pages\/1701\/revisions"}],"predecessor-version":[{"id":2627,"href":"https:\/\/wuwai.org\/en\/wp-json\/wp\/v2\/pages\/1701\/revisions\/2627"}],"wp:attachment":[{"href":"https:\/\/wuwai.org\/en\/wp-json\/wp\/v2\/media?parent=1701"}],"curies":[{"name":"wp","href":"https:\/\/api.w.org\/{rel}","templated":true}]}}