{"id":2433,"date":"2022-04-17T09:11:25","date_gmt":"2022-04-17T08:11:25","guid":{"rendered":"https:\/\/wuwai.org\/?page_id=2433"},"modified":"2022-04-17T09:11:25","modified_gmt":"2022-04-17T08:11:25","slug":"door-meditatie-je-hersengolven-veranderen","status":"publish","type":"page","link":"https:\/\/wuwai.org\/en\/door-meditatie-je-hersengolven-veranderen\/","title":{"rendered":"Door meditatie je hersengolven veranderen"},"content":{"rendered":"<p>Als je de verbinding met de buitenwereld wilt verbreken, moet je leren hoe je je hersengolven kunt veranderen. Laten we het dus even hebben over de frequenties van hersengolven. Het grootste deel van de tijd dat u wakker en bij bewustzijn bent, bevindt u zich in het b\u00e8ta bereik van hersengolf frequenties. B\u00e8ta wordt gemeten in lage, middellange en hoge frequenties.<\/p>\n<p><strong>Low-range beta<\/strong> is ontspannen toestand wanneer je geen bedreigingen van de buitenwereld waarneemt, maar je je nog steeds bewust bent van je lichaam in ruimte en tijd. Dit is de toestand waarin u zich bevindt als u leest, aandacht schenkt aan uw dochter tijdens een vriendelijk gesprek of naar een lezing luistert.<\/p>\n<p><strong>Middenklasse b\u00e8ta<\/strong> is een iets meer opgewonden toestand, zoals wanneer je in een groep mensen bent, jezelf voor het eerst aan iedereen voorstelt, en je de naam van iedereen moet onthouden. Je bent waakzamer, maar je bent niet overdreven gestrest of volledig uit balans. Zie mid-range b\u00e8ta als goede stress.<\/p>\n<p><strong>High-range b\u00e8ta<\/strong> is de staat waarin je verkeert als je opgejaagd bent door de hormonen van stress. Dit zijn de hersengolven die je vertoont wanneer je een van de overlevingsemoties vertoont, waaronder woede, alarm, opwinding, lijden, verdriet, angst, frustratie of zelfs depressie. De b\u00e8ta in het hoge bereik kan meer dan drie keer hoger zijn dan de b\u00e8ta in het lage bereik en twee keer zo hoog als de b\u00e8ta in het middenbereik.<\/p>\n<p>Hoewel je het grootste deel van je wakkere tijd in <strong>b\u00e8ta-frequentie<\/strong> hersengolven kunt doorbrengen, duik je ook de hele dag in <strong>alfa-frequentie<\/strong> hersengolven. Je vertoont <strong>alfa-hersengolven<\/strong> als je <em>ontspannen, kalm, creatief en zelfs intu\u00eftief<\/em> bent als je niet meer denkt of analyseert, maar in plaats daarvan dagdroomt of fantaseert, als een trancestaat. Als <strong>b\u00e8ta-hersengolven<\/strong> <em>aangeven wanneer je het grootste deel van je aandacht op de buitenwereld richt, geven alfa-hersengolven aan wanneer je meer van je aandacht op je innerlijke wereld richt.<\/em><\/p>\n<p><strong>Theta-frequentie<\/strong> hersengolven nemen het over in die schemerfase waarin je geest nog wakker is, maar je lichaam in slaap valt. Deze frequentie wordt ook geassocieerd met diepe staten van meditatie. Delta-frequentie hersengolven komen meestal tijdens een diepe, herstellende slaap. In de afgelopen vier jaar hebben mijn onderzoeksteam en ik echter verschillende studenten opgenomen die tijdens meditatie in zeer diepe delta-hersengolven kunnen komen. Hun lichamen zijn diep in slaap en ze dromen niet, maar hun hersenscans laten zien dat hun hersenen zeer hoge amplituden van energie verwerken. Als gevolg hiervan rapporteren ze dat ze diepgaande mystieke ervaringen van eenheid hebben, zich verbonden voelen met iedereen en alles in het universum.<\/p>\n<p><strong>Gamma-frequentie<\/strong> hersengolven duiden op wat ik een bovenbewuste staat noem. Deze hoogfrequente energie treedt op wanneer de hersenen worden gewekt door een interne gebeurtenis (een van de meest voorkomende voorbeelden is tijdens meditatie wanneer je ogen gesloten zijn en je naar binnen gaat) in plaats van een gebeurtenis die buiten het lichaam plaatsvindt.<\/p>","protected":false},"excerpt":{"rendered":"<p>Als je de verbinding met de buitenwereld wilt verbreken, moet je leren hoe je je hersengolven kunt veranderen. Laten we het dus even hebben over de frequenties van hersengolven. Het grootste deel van de tijd dat u wakker en bij bewustzijn bent, bevindt u zich in het b\u00e8ta bereik van hersengolf frequenties. B\u00e8ta wordt gemeten [&hellip;]<\/p>","protected":false},"author":2,"featured_media":0,"parent":0,"menu_order":21,"comment_status":"closed","ping_status":"closed","template":"","meta":[],"acf":[],"aioseo_notices":[],"_links":{"self":[{"href":"https:\/\/wuwai.org\/en\/wp-json\/wp\/v2\/pages\/2433"}],"collection":[{"href":"https:\/\/wuwai.org\/en\/wp-json\/wp\/v2\/pages"}],"about":[{"href":"https:\/\/wuwai.org\/en\/wp-json\/wp\/v2\/types\/page"}],"author":[{"embeddable":true,"href":"https:\/\/wuwai.org\/en\/wp-json\/wp\/v2\/users\/2"}],"replies":[{"embeddable":true,"href":"https:\/\/wuwai.org\/en\/wp-json\/wp\/v2\/comments?post=2433"}],"version-history":[{"count":0,"href":"https:\/\/wuwai.org\/en\/wp-json\/wp\/v2\/pages\/2433\/revisions"}],"wp:attachment":[{"href":"https:\/\/wuwai.org\/en\/wp-json\/wp\/v2\/media?parent=2433"}],"curies":[{"name":"wp","href":"https:\/\/api.w.org\/{rel}","templated":true}]}}