{"id":1942,"date":"2021-06-04T06:14:27","date_gmt":"2021-06-04T05:14:27","guid":{"rendered":"https:\/\/wuwai.org\/?page_id=1942"},"modified":"2021-06-04T13:09:05","modified_gmt":"2021-06-04T12:09:05","slug":"de-unieke-kracht-van-lions-mane","status":"publish","type":"page","link":"https:\/\/wuwai.org\/pt\/de-unieke-kracht-van-lions-mane\/","title":{"rendered":"De unieke kracht van Lion\u2019s Mane"},"content":{"rendered":"<p>Lion\u2019s Mane werkt als een adaptogeen voor het reguleren van onze cholesterol- en bloedsuikerspiegel. De niveaus worden automatisch aangepast aan de ideale balans door deze prachtige paddenstoel.<\/p>\n<p>Een van de unieke kenmerken van Lion\u2019s Mane is het feit dat het niet alleen een ondersteunend, genezend en kalmerend effect heeft op ons zenuwstelsel. Volgens modern wetenschappelijk onderzoek hebben ze een positieve invloed op de ontwikkeling van wat zij de zenuwgroeifactor noemen. NGF is een heilzame stof maar heeft zijn beperkingen. NGF wordt erg slecht opgenomen in onze hersenen. Lion\u2019s Mane lost dit probleem op. Onderzoek heeft duidelijk aangetoond dat deze paddenstoelen een positieve invloed hebben op onze hersenchemie en ook een celregenererende functie hebben. Wetenschappers ontdekten dat de actieve componenten die specifiek zijn voor Lion\u2019s Mane, hericenonen en erinacines zijn. Deze stoffen hebben een positieve invloed op de celstructuur van pati\u00ebnten met Alzheimer en dementie.<\/p>\n<p>Uiteraard bezit Lion\u2019s mane, net als veel andere paddenstoelen, de niet-lineaire polysacchariden (30%). De b\u00e8ta-glucaanpolysacchariden zijn verantwoordelijk voor het stimulerende effect op het immuunsysteem.<\/p>\n<p>Onderzoekers ontdekten dat Lion\u2019s Mane-paddenstoelen het herstel van verwondingen aan de hersenen en het centrale zenuwstelsel helpen versnellen. Lion\u2019s Mane stimuleert de groei en het herstel van de zenuwcellen. Het vermindert de hersteltijd met 23-41%. Het belangrijkste is dat de resultaten van dit onderzoek suggereren dat Lion\u2019s Mane ook helpt om de ernst van hersenschade na een beroerte te verminderen.<\/p>\n<p>De paddenstoelen zijn ook gunstig voor gezonde mensen, die hun concentratievermogen en intellect veel nodig hebben. Lion\u2019s Mane heeft een positieve invloed op het cognitief geheugen.<\/p>\n<p>&nbsp;<\/p>\n<h3><strong>Lion\u2019s Mane in de toekomst<\/strong><\/h3>\n<p>Er wordt in Japan veel onderzoek gedaan naar dit onderwerp. Dit zou een revolutie in de moderne geneeskunde kunnen betekenen. In de toekomst, na meer onderzoek, zal Lion\u2019s Mane ziekten zoals Parkinson en andere zenuwgerelateerde ziekten volledig doen verdwijnen. De krachtige paddenstoelen helpen zelfs de progressie van degeneratieve neurologische aandoeningen te vertragen en mogelijk zelfs te genezen.<\/p>\n<p>&nbsp;<\/p>\n<h3><strong>11 gezondheidsvoordelen<\/strong><\/h3>\n<ul>\n<li>Lion\u2019s Mane is een medicijn tegen een uitgebreide lijst van ziekten zoals:<\/li>\n<li>Hoge bloeddruk<\/li>\n<li>Ademhalingsklachten (chronische bronchitis, astma, verkoudheid)<\/li>\n<li>Alzheimer<\/li>\n<li>Parkinson<\/li>\n<li>Artritis<\/li>\n<li>Reuma en andere gewrichtsproblemen<\/li>\n<li>Verhoog het cholesterolgehalte S.<\/li>\n<li>Spijsverteringsproblemen<\/li>\n<li>Schade aan het zenuwstelsel (inclusief kanker die slokdarm-, twaalfvingerige darm- en maagkanker wordt genoemd)<\/li>\n<li>Hart- en vaatziekten<\/li>\n<li>H.I.V.\/Aids<\/li>\n<\/ul>\n<p>&nbsp;<\/p>\n<h3><strong>Lion&#8217;s Mane: De Japanse Berg Priester<\/strong><\/h3>\n<p>Lion&#8217;s Mane (Hericium erinaceus), ook wel &#8216;berg priester&#8217; in Japan genoemd, wordt al een lange tijd gebruikt als algemeen herstellend en ondersteunend voor de functies van de geest. De paddenstoel heeft een opmerkelijke vorm dat doet denken aan het prachtige en imposante bos manen van een gezonde mannetjesleeuw.<br \/>\nLion&#8217;s Mane is \u00e9\u00e9n van de enige adaptogene paddestoelen. Het heeft als adaptogeen een regulerende werking bij en na een stressrespons voor de hersenen*. Daarnaast ondersteunt Lion&#8217;s mane de lichaamseigen groei functie NGF (nerve gbs-growth factor).<\/p>\n<p>&nbsp;<\/p>\n<h3><strong>Waar is Lion&#8217;s Mane goed voor?<\/strong><\/h3>\n<p>Lion&#8217;s mane neuropeptiden zijn verantwoordelijk voor de groei, behoud en proliferatie van neuronen en myeline in de hersenen*. Dit gespecialiseerde eiwit is nodig voor de groei van de sensorische neuronen in onze hersenen. Ze spelen een essenti\u00eble rol bij de di!erentiatie en overleving van verschillende zenuwcellen populaties in het perifere en centrale zenuwstelsel. Lion&#8217;s Mane bevordert het proces van myelinisatie. Dit is het proces van signaaloverdracht door de zenuwen, welke lion\u2019s mane blijkt te versnellen. Mensen die een bijdrage willen leveren aan het concentratie- en leervermogen kunnen Lion&#8217;s Mane heel goed gebruiken*. Tevens heeft lion\u2019s mane een positieve invloed op ons geheugen*.<\/p>\n<p>&nbsp;<\/p>\n<h3><strong>De toepassingen, voordelen en werking van Lion&#8217;s Mane:<\/strong><\/h3>\n<ul>\n<li>Is goed voor de hersenen*<\/li>\n<li>Effectief adaptogeen*<\/li>\n<li>Ondersteunt het leervermogen*<\/li>\n<li>Draagt bij de concentratie*<\/li>\n<\/ul>\n<p>* Deze gezondheidsclaims zijn op dit moment in behandeling \u00a0bij de ESFA.<\/p>\n<h3><\/h3>\n<p><span class=\"button\"><a href=\"https:\/\/earthresonance.bio\/collections\/all\/products\/lions-mane\" target=\"_blank\" rel=\"noopener noreferrer\">Bestel hier je Lion&#8217;s mane<\/a><\/span><\/p>\n<p>&nbsp;<\/p>\n<h3><strong>Concentratie problemen? <\/strong><\/h3>\n<p>Dit kan je aanpakken met een gezonde levensstijl, ondersteund door een natuurlijk kruid, superfood of voedingssupplement. Natuurlijke poeders en capsules zijn voedingssupplementen. Ze ondersteunen je gezondheid maar zijn geen vervanging voor een gezonde leefstijl. Raadpleeg altijd een arts als je medicijnen gebruikt, zwanger bent of borstvoeding geeft voordat je een kruid, superfood of voedingssupplement inneemt.<\/p>\n<p>&nbsp;<\/p>\n<h3><strong>Ericenones en Erinacines<\/strong><\/h3>\n<p>N.G.F. is een fantastische stof, maar heeft \u00e9\u00e9n beperking: het wordt erg slecht opgenomen in onze hersenen omdat het niet goed de bloed-hersenbarri\u00e8re kan passeren. De bloed-hersenbarri\u00e8re kan alleen gepasseerd worden door kleine lipide (vetten) oplosbare stoffen.<br \/>\nHet is dus niet (nog niet) mogelijk om een supplement te ontwikkelen die direct NGF naar de hersenen stuurt. Lion&#8217;s Mane heeft een bijzondere eigenschap die dit probleem kan helpen oplossen. Lion&#8217;s Mane is, door middel van Ericenones en Ericacines, in staat om de lichaamseigen productie van NGF te stimuleren en zo het gewenste e!ect te kunnen veroorzaken. Natuurlijk bezit ook lion\u2019s mane, net als vele andere paddestoelen de non-lineaire polysachariden (30%). De b\u00e8ta-glucaan polysachariden zijn verantwoordelijk voor het stimulerende effect op het immuunsysteem.<\/p>\n<p>&nbsp;<\/p>\n<h3><strong>Lion&#8217;s Mane: Bekend onder vele namen<\/strong><\/h3>\n<p>Lion\u2019s mane, oftewel \u2018leeuwenmanen\u2019 is ook wel bekend onder de Latijnse naam \u2018Hericium erinaceus\u2019 en krijgt vaak de titel \u2018King of Mushrooms\u2019 toege\u00ebigend. Tevens is de paddenstoel bekend onder vele andere namen zoals \u2018Bear\u2019s head\u2019, \u2018Monkey\u2019s head\u2019, \u2018Bearded Tooth mushroom\u2019, \u2018Hedgehog mushroom\u2019, \u2018Bearded Hedgehog mushroom\u2019, \u2018Bearded Tooth fungus\u2019, \u2018Hedgehog fungus\u2019 \u2018Pompom mushroom\u2019. Tot slot is deze pracht paddenstoel in Japan bekend als \u2018Yamabushitake\u2019.<\/p>\n<p>Bronnen: Micro1p &amp; Superfoodsonline<\/p>","protected":false},"excerpt":{"rendered":"<p>Lion\u2019s Mane werkt als een adaptogeen voor het reguleren van onze cholesterol- en bloedsuikerspiegel. De niveaus worden automatisch aangepast aan de ideale balans door deze prachtige paddenstoel. Een van de unieke kenmerken van Lion\u2019s Mane is het feit dat het niet alleen een ondersteunend, genezend en kalmerend effect heeft op ons zenuwstelsel. Volgens modern wetenschappelijk [&hellip;]<\/p>","protected":false},"author":2,"featured_media":0,"parent":0,"menu_order":45,"comment_status":"closed","ping_status":"closed","template":"","meta":[],"acf":[],"aioseo_notices":[],"_links":{"self":[{"href":"https:\/\/wuwai.org\/pt\/wp-json\/wp\/v2\/pages\/1942"}],"collection":[{"href":"https:\/\/wuwai.org\/pt\/wp-json\/wp\/v2\/pages"}],"about":[{"href":"https:\/\/wuwai.org\/pt\/wp-json\/wp\/v2\/types\/page"}],"author":[{"embeddable":true,"href":"https:\/\/wuwai.org\/pt\/wp-json\/wp\/v2\/users\/2"}],"replies":[{"embeddable":true,"href":"https:\/\/wuwai.org\/pt\/wp-json\/wp\/v2\/comments?post=1942"}],"version-history":[{"count":0,"href":"https:\/\/wuwai.org\/pt\/wp-json\/wp\/v2\/pages\/1942\/revisions"}],"wp:attachment":[{"href":"https:\/\/wuwai.org\/pt\/wp-json\/wp\/v2\/media?parent=1942"}],"curies":[{"name":"wp","href":"https:\/\/api.w.org\/{rel}","templated":true}]}}